{"id":42,"date":"2021-05-13T17:27:41","date_gmt":"2021-05-13T17:27:41","guid":{"rendered":"https:\/\/miaulina.de\/?page_id=42"},"modified":"2021-08-07T13:37:33","modified_gmt":"2021-08-07T11:37:33","slug":"impressum","status":"publish","type":"page","link":"https:\/\/miaulina.de\/index.php\/impressum\/","title":{"rendered":"Impressum"},"content":{"rendered":"\n<h1 class=\"wp-block-heading\">Impressum<\/h1>\n\n\n\n<p>flunker produktionen GbR<br>Claudia Engel und Matthias Ludwig<br>Wahlsdorf 35, Anbau Schlo\u00df<br>15936 Dahme\/Mark<br>Telefon: 01 73 \/ 3 68 98 63<br>E-Mail: info@flunkerproduktionen.de<\/p>\n\n\n\n<p>Vertretungsberechtigte Gesellschafter: Claudia Engel und Matthias Ludwig<\/p>\n\n\n\n<p>Haftungshinweis: Trotz sorgf\u00e4ltiger inhaltlicher Kontrolle \u00fcbernehmen wir keine Haftung f\u00fcr die Inhalte externer Links.<br>F\u00fcr den Inhalt der verlinkten Seiten sind ausschlie\u00dflich deren Betreiber verantwortlich.<\/p>\n","protected":false},"excerpt":{"rendered":"<p>Impressum flunker produktionen GbRClaudia Engel und Matthias LudwigWahlsdorf 35, Anbau Schlo\u00df15936 Dahme\/MarkTelefon: 01 73 \/ 3 68 98 63E-Mail: info@flunkerproduktionen.de Vertretungsberechtigte Gesellschafter: Claudia Engel und Matthias Ludwig Haftungshinweis: Trotz sorgf\u00e4ltiger inhaltlicher Kontrolle \u00fcbernehmen wir keine Haftung f\u00fcr die Inhalte externer Links.F\u00fcr den Inhalt der verlinkten Seiten sind ausschlie\u00dflich deren Betreiber verantwortlich.<\/p>\n","protected":false},"author":1,"featured_media":0,"parent":0,"menu_order":0,"comment_status":"closed","ping_status":"closed","template":"","meta":{"footnotes":""},"class_list":["post-42","page","type-page","status-publish","hentry"],"_links":{"self":[{"href":"https:\/\/miaulina.de\/index.php\/wp-json\/wp\/v2\/pages\/42","targetHints":{"allow":["GET"]}}],"collection":[{"href":"https:\/\/miaulina.de\/index.php\/wp-json\/wp\/v2\/pages"}],"about":[{"href":"https:\/\/miaulina.de\/index.php\/wp-json\/wp\/v2\/types\/page"}],"author":[{"embeddable":true,"href":"https:\/\/miaulina.de\/index.php\/wp-json\/wp\/v2\/users\/1"}],"replies":[{"embeddable":true,"href":"https:\/\/miaulina.de\/index.php\/wp-json\/wp\/v2\/comments?post=42"}],"version-history":[{"count":3,"href":"https:\/\/miaulina.de\/index.php\/wp-json\/wp\/v2\/pages\/42\/revisions"}],"predecessor-version":[{"id":292,"href":"https:\/\/miaulina.de\/index.php\/wp-json\/wp\/v2\/pages\/42\/revisions\/292"}],"wp:attachment":[{"href":"https:\/\/miaulina.de\/index.php\/wp-json\/wp\/v2\/media?parent=42"}],"curies":[{"name":"wp","href":"https:\/\/api.w.org\/{rel}","templated":true}]}}