{"id":37,"date":"2021-05-13T17:22:32","date_gmt":"2021-05-13T17:22:32","guid":{"rendered":"https:\/\/miaulina.de\/?page_id=37"},"modified":"2021-08-07T13:34:12","modified_gmt":"2021-08-07T11:34:12","slug":"ueber","status":"publish","type":"page","link":"https:\/\/miaulina.de\/index.php\/ueber\/","title":{"rendered":"Miaulina das sind \u2026"},"content":{"rendered":"\n<h1 class=\"wp-block-heading\">Miaulina das sind \u2026<\/h1>\n\n\n\n<p><strong>Onte Mission und Lady Emph <\/strong>\u2013 zwei Vollblutspieler*innen, die ihr Augenzwinkern ganz und gar ernst meinen. Als <a href=\"https:\/\/flunkerproduktionen.de\/\" target=\"_blank\" rel=\"noreferrer noopener\">flunker produktionen<\/a> bringen sie seit \u00fcber 15 Jahren Theaterst\u00fccke und Musik in die Welt. Miaulina, ihr Band-, ach, ihr Herzensprojekt, ist von Anfang an dabei. In ihren Songs erz\u00e4hlen sielustvoll von intimen Momenten wie von ganzen Lebensgeschichten. Auch ihre Konzerte sind ihnen Spielanl\u00e4sse: sie spielen mit T\u00f6nen und Klischees, mit Sprache, Wort und Witz, mit \u00fcppigen Bildern, krassen Figuren und mit dem Publikum.<\/p>\n\n\n\n<figure class=\"wp-block-image size-large\"><img loading=\"lazy\" decoding=\"async\" width=\"1024\" height=\"576\" src=\"https:\/\/miaulina.de\/wp-content\/uploads\/2021\/05\/claudiamatthias-1024x576.jpg\" alt=\"\" class=\"wp-image-89\" srcset=\"https:\/\/miaulina.de\/wp-content\/uploads\/2021\/05\/claudiamatthias-1024x576.jpg 1024w, https:\/\/miaulina.de\/wp-content\/uploads\/2021\/05\/claudiamatthias-300x169.jpg 300w, https:\/\/miaulina.de\/wp-content\/uploads\/2021\/05\/claudiamatthias-768x432.jpg 768w, https:\/\/miaulina.de\/wp-content\/uploads\/2021\/05\/claudiamatthias-1536x864.jpg 1536w, https:\/\/miaulina.de\/wp-content\/uploads\/2021\/05\/claudiamatthias.jpg 1920w\" sizes=\"auto, (max-width: 1024px) 100vw, 1024px\" \/><\/figure>\n\n\n\n<p><strong>MIAULINA<\/strong>, das sind au\u00dferdem und unbedingt die beiden Musiker und Komponisten <strong><a href=\"https:\/\/www.dirk-hessel.de\/\" target=\"_blank\" rel=\"noreferrer noopener\">Dirk Hessel<\/a><\/strong> und <strong><a href=\"http:\/\/www.kayskerra.com\/\" target=\"_blank\" rel=\"noreferrer noopener\">Kay Skerra<\/a><\/strong>, die sich in die Entwicklung der Songs hineinwerfen und den speziellen doch vielgestaltigen Miaulina-Klang kreieren.<\/p>\n\n\n\n<p>Bei diesem zweiten Album, gro\u00dfenteils elektronisch produziert, nimmt Kay Skerra die F\u00e4den in die Hand und pr\u00e4gt einen vollmundigen, mitunter witzigen, mal verschwenderischen, dann wieder ganz zarten Sound, der die die Texte und Stimmen von Onte Mission und Lady Emph zum Klingen und Strahlen bringt. Die andere H\u00e4lfte der Kompositionen steuerte der Musiker Dirk Hessel bei, dessen harmonische Balladen Ausgangs -, Dreh \u2013 und Angelpunkt, sowie das zweite musikalische Gesicht der Band sind. Und obwohl die Songs immer wieder in tanzbarem Dancerhythmen daherkommen, schwingt in ihnen eine zarte Melancholie und eine tiefe Sorge mit: \u201egenie\u00df die Krise, sie wird\u00b4s dir danken, Krisen geh\u00f6ren zum Prozess\u2026<\/p>\n\n\n\n<figure class=\"wp-block-image size-large\"><img loading=\"lazy\" decoding=\"async\" width=\"1024\" height=\"502\" src=\"https:\/\/miaulina.de\/wp-content\/uploads\/2021\/05\/studio-1024x502.jpg\" alt=\"\" class=\"wp-image-90\" srcset=\"https:\/\/miaulina.de\/wp-content\/uploads\/2021\/05\/studio-1024x502.jpg 1024w, https:\/\/miaulina.de\/wp-content\/uploads\/2021\/05\/studio-300x147.jpg 300w, https:\/\/miaulina.de\/wp-content\/uploads\/2021\/05\/studio-768x376.jpg 768w, https:\/\/miaulina.de\/wp-content\/uploads\/2021\/05\/studio-1536x753.jpg 1536w, https:\/\/miaulina.de\/wp-content\/uploads\/2021\/05\/studio.jpg 1920w\" sizes=\"auto, (max-width: 1024px) 100vw, 1024px\" \/><\/figure>\n\n\n\n<p><\/p>\n\n\n\n<p><\/p>\n","protected":false},"excerpt":{"rendered":"<p>Miaulina das sind \u2026 Onte Mission und Lady Emph \u2013 zwei Vollblutspieler*innen, die ihr Augenzwinkern ganz und gar ernst meinen. Als flunker produktionen bringen sie seit \u00fcber 15 Jahren Theaterst\u00fccke und Musik in die Welt. Miaulina, ihr Band-, ach, ihr Herzensprojekt, ist von Anfang an dabei. In ihren Songs erz\u00e4hlen sielustvoll von intimen Momenten wie &hellip;<\/p>\n","protected":false},"author":1,"featured_media":92,"parent":0,"menu_order":0,"comment_status":"closed","ping_status":"closed","template":"","meta":{"footnotes":""},"class_list":["post-37","page","type-page","status-publish","has-post-thumbnail","hentry"],"_links":{"self":[{"href":"https:\/\/miaulina.de\/index.php\/wp-json\/wp\/v2\/pages\/37","targetHints":{"allow":["GET"]}}],"collection":[{"href":"https:\/\/miaulina.de\/index.php\/wp-json\/wp\/v2\/pages"}],"about":[{"href":"https:\/\/miaulina.de\/index.php\/wp-json\/wp\/v2\/types\/page"}],"author":[{"embeddable":true,"href":"https:\/\/miaulina.de\/index.php\/wp-json\/wp\/v2\/users\/1"}],"replies":[{"embeddable":true,"href":"https:\/\/miaulina.de\/index.php\/wp-json\/wp\/v2\/comments?post=37"}],"version-history":[{"count":10,"href":"https:\/\/miaulina.de\/index.php\/wp-json\/wp\/v2\/pages\/37\/revisions"}],"predecessor-version":[{"id":289,"href":"https:\/\/miaulina.de\/index.php\/wp-json\/wp\/v2\/pages\/37\/revisions\/289"}],"wp:featuredmedia":[{"embeddable":true,"href":"https:\/\/miaulina.de\/index.php\/wp-json\/wp\/v2\/media\/92"}],"wp:attachment":[{"href":"https:\/\/miaulina.de\/index.php\/wp-json\/wp\/v2\/media?parent=37"}],"curies":[{"name":"wp","href":"https:\/\/api.w.org\/{rel}","templated":true}]}}