{"id":11,"date":"2021-04-19T17:50:25","date_gmt":"2021-04-19T17:50:25","guid":{"rendered":"https:\/\/miaulina.de\/?page_id=11"},"modified":"2023-03-01T14:44:37","modified_gmt":"2023-03-01T13:44:37","slug":"in-echt","status":"publish","type":"page","link":"https:\/\/miaulina.de\/index.php\/in-echt\/","title":{"rendered":"Konzert"},"content":{"rendered":"\n<h1 class=\"wp-block-heading\" id=\"live-konzert-superhelden-in-krisen\">Live &#8211; TheaterKonzert  SUPERHELDEN IN KRISEN<\/h1>\n\n\n\n<figure class=\"wp-block-embed is-type-video is-provider-vimeo wp-block-embed-vimeo wp-embed-aspect-16-9 wp-has-aspect-ratio\"><div class=\"wp-block-embed__wrapper\">\n<div class=\"suki-oembed suki-oembed-video\" style=\"padding-top: 56.228%;\"><iframe loading=\"lazy\" title=\"Trailer Miaulina - Superhelden in Krisen\" src=\"https:\/\/player.vimeo.com\/video\/676102934?h=f20cc05e89&amp;dnt=1&amp;app_id=122963\" width=\"1140\" height=\"641\" frameborder=\"0\" allow=\"autoplay; fullscreen; picture-in-picture\" allowfullscreen><\/iframe><\/div>\n<\/div><\/figure>\n\n\n\n<p>Ein sehr musikalisches St\u00fcck Theater.<\/p>\n\n\n\n<p>MIAULINA lassen lustvoll unser aller Superleben leuchten. Sie kleiden daf\u00fcr ihre live gesungenen Songs in Szenen, in welchen fragw\u00fcrdige Superhelden mindestens sich selbst in Frage stellen: Zeig deine Wunde, Superheld! Zeig deine Kraft und lass uns teilhaben an der Sch\u00f6nheit deiner Schw\u00e4che! SUPERHELDEN IN KRISEN hei\u00dft das Programm. Superhelden, die versuchen, elegant zu leben. Elegant oder eloquent oder einfach echt. <\/p>\n\n\n\n<p>Und so gebeutelt sie auch sein m\u00f6gen, in welch argen Krisen sie auch stecken, heldenhaft stellen sie sich, zeigen ihre Wunden, singen von Gef\u00fchlen und Visionen der Gemeinsamkeit. <\/p>\n\n\n\n<p>In ihren Songs erz\u00e4hlen sie lustvoll von intimen Momenten wie von ganzen Lebensgeschichten. Sie spielen mit T\u00f6nen und Klischees, mit Sprache, Wort und Witz, mit \u00fcppigen Bildern, krassen Figuren und mit dem Publikum.  Musik mit gro\u00dfer Geste f\u00fcr Gro\u00df und Klein.<\/p>\n\n\n\n<p>Das Theaterkonzert eignet sich sowohl f\u00fcr open air als auch indoor f\u00fcr Theater oder Konzertr\u00e4ume. Es dauert etwa 100 Minuten \u2013 nach ca. 60 Minuten ist eine Pause von 20 Minuten m\u00f6glich. <\/p>\n\n\n\n<p>B\u00fchnenma\u00dfe: Breite 6 m, Tiefe 5 m, H\u00f6he 2,80m<\/p>\n\n\n\n<p>Demn\u00e4chst wieder live zu erleben: <\/p>\n\n\n\n<h2 class=\"wp-block-heading\" id=\"die-nachsten-termine\">Termine: <\/h2>\n\n\n\n<p>Donnerstag 8. Juni 2023          20 Uhr          Figure it out Festival     <a href=\"https:\/\/ribbeck-havelland.de\/kulturscheune\/\">Schaubude Berlin<\/a>     <\/p>\n\n\n\n<p><\/p>\n\n\n\n<p><\/p>\n\n\n\n<p><\/p>\n\n\n\n<p><\/p>\n\n\n\n<p><\/p>\n\n\n\n<p><\/p>\n\n\n\n<div class=\"wp-block-group\"><div class=\"wp-block-group__inner-container is-layout-flow wp-block-group-is-layout-flow\">\n<div class=\"wp-block-group alignfull\"><div class=\"wp-block-group__inner-container is-layout-flow wp-block-group-is-layout-flow\">\n    <div id=\"bwg_container1_0\"         class=\"bwg_container bwg_thumbnail bwg_slideshow \"         data-right-click-protection=\"0\"         data-bwg=\"0\"         data-scroll=\"0\"         data-gallery-type=\"slideshow\"         data-gallery-view-type=\"slideshow\"         data-current-url=\"\/index.php\/wp-json\/wp\/v2\/pages\/11\"         data-lightbox-url=\"https:\/\/miaulina.de\/wp-admin\/admin-ajax.php?action=GalleryBox&#038;current_view=0&#038;gallery_id=1&#038;tag=0&#038;theme_id=1&#038;shortcode_id=2&#038;sort_by=filename&#038;order_by=asc&#038;current_url=%2Findex.php%2Fwp-json%2Fwp%2Fv2%2Fpages%2F11\"         data-gallery-id=\"1\"         data-popup-width=\"800\"         data-popup-height=\"500\"         data-is-album=\"gallery\"         data-buttons-position=\"bottom\">      <div id=\"bwg_container2_0\">             <div id=\"ajax_loading_0\" class=\"bwg_loading_div_1\">      <div class=\"bwg_loading_div_2\">        <div class=\"bwg_loading_div_3\">          <div id=\"loading_div_0\" class=\"bwg_spider_ajax_loading\">          <\/div>        <\/div>      <\/div>    <\/div>            <form id=\"gal_front_form_0\"              class=\"bwg-hidden\"              method=\"post\"              action=\"#\"              data-current=\"0\"              data-shortcode-id=\"2\"              data-gallery-type=\"slideshow\"              data-gallery-id=\"1\"              data-tag=\"0\"              data-album-id=\"0\"              data-theme-id=\"1\"              data-ajax-url=\"https:\/\/miaulina.de\/wp-admin\/admin-ajax.php?action=bwg_frontend_data\">          <div id=\"bwg_container3_0\" class=\"bwg-background bwg-background-0\">              <div class=\"bwg_slideshow_image_wrap_0 bwg-slideshow-images-wrapper bwg-container\"       data-bwg=\"0\"       data-lightbox-url=\"https:\/\/miaulina.de\/wp-admin\/admin-ajax.php?action=GalleryBox&#038;current_view=0&#038;gallery_id=1&#038;tag=0&#038;theme_id=1&#038;shortcode_id=2&#038;sort_by=filename&#038;order_by=asc&#038;current_url=%2Findex.php%2Fwp-json%2Fwp%2Fv2%2Fpages%2F11\">          <div class=\"bwg_slideshow_dots_container_0\">        <div class=\"bwg_slideshow_dots_thumbnails_0\">                      <span id=\"bwg_dots_0_0\" class=\"bwg_slideshow_dots_0 bwg_slideshow_dots_active_0\" onclick=\"bwg_change_image(parseInt(jQuery('#bwg_current_image_key_0').val()), '0', '', '', 0)\" image_id=\"1\" image_key=\"0\"><\/span>                        <span id=\"bwg_dots_1_0\" class=\"bwg_slideshow_dots_0 bwg_slideshow_dots_deactive_0\" onclick=\"bwg_change_image(parseInt(jQuery('#bwg_current_image_key_0').val()), '1', '', '', 0)\" image_id=\"4\" image_key=\"1\"><\/span>                        <span id=\"bwg_dots_2_0\" class=\"bwg_slideshow_dots_0 bwg_slideshow_dots_deactive_0\" onclick=\"bwg_change_image(parseInt(jQuery('#bwg_current_image_key_0').val()), '2', '', '', 0)\" image_id=\"3\" image_key=\"2\"><\/span>                        <span id=\"bwg_dots_3_0\" class=\"bwg_slideshow_dots_0 bwg_slideshow_dots_deactive_0\" onclick=\"bwg_change_image(parseInt(jQuery('#bwg_current_image_key_0').val()), '3', '', '', 0)\" image_id=\"2\" image_key=\"3\"><\/span>                        <span id=\"bwg_dots_4_0\" class=\"bwg_slideshow_dots_0 bwg_slideshow_dots_deactive_0\" onclick=\"bwg_change_image(parseInt(jQuery('#bwg_current_image_key_0').val()), '4', '', '', 0)\" image_id=\"5\" image_key=\"4\"><\/span>                        <span id=\"bwg_dots_5_0\" class=\"bwg_slideshow_dots_0 bwg_slideshow_dots_deactive_0\" onclick=\"bwg_change_image(parseInt(jQuery('#bwg_current_image_key_0').val()), '5', '', '', 0)\" image_id=\"7\" image_key=\"5\"><\/span>                        <span id=\"bwg_dots_6_0\" class=\"bwg_slideshow_dots_0 bwg_slideshow_dots_deactive_0\" onclick=\"bwg_change_image(parseInt(jQuery('#bwg_current_image_key_0').val()), '6', '', '', 0)\" image_id=\"6\" image_key=\"6\"><\/span>                        <span id=\"bwg_dots_7_0\" class=\"bwg_slideshow_dots_0 bwg_slideshow_dots_deactive_0\" onclick=\"bwg_change_image(parseInt(jQuery('#bwg_current_image_key_0').val()), '7', '', '', 0)\" image_id=\"8\" image_key=\"7\"><\/span>                        <span id=\"bwg_dots_8_0\" class=\"bwg_slideshow_dots_0 bwg_slideshow_dots_deactive_0\" onclick=\"bwg_change_image(parseInt(jQuery('#bwg_current_image_key_0').val()), '8', '', '', 0)\" image_id=\"9\" image_key=\"8\"><\/span>                    <\/div>      <\/div>          <div id=\"bwg_slideshow_image_container_0\"         class=\"bwg_slideshow_image_container_0\"         data-params='{&quot;bwg_source&quot;:&quot;slider&quot;,&quot;bwg_current_key&quot;:&quot;&quot;,&quot;bwg_transition_duration&quot;:100,&quot;bwg_trans_in_progress&quot;:false,&quot;data&quot;:[{&quot;id&quot;:&quot;1&quot;,&quot;alt&quot;:&quot;&quot;,&quot;description&quot;:&quot;&quot;,&quot;filetype&quot;:&quot;JPG&quot;,&quot;filename&quot;:&quot;miaulina202107_01&quot;,&quot;image_url&quot;:&quot;\\\/miaulina_2021_07\\\/miaulina202107_01.jpg?bwg=1629037319&quot;,&quot;thumb_url&quot;:&quot;\\\/miaulina_2021_07\\\/thumb\\\/miaulina202107_01.jpg?bwg=1629037319&quot;,&quot;redirect_url&quot;:&quot;&quot;,&quot;date&quot;:&quot;2021-08-15 14:21:39&quot;,&quot;is_embed&quot;:false,&quot;is_embed_video&quot;:false,&quot;image_width&quot;:&quot;1000&quot;,&quot;image_height&quot;:&quot;667&quot;,&quot;thumb_width&quot;:&quot;1000&quot;,&quot;thumb_height&quot;:&quot;667&quot;},{&quot;id&quot;:&quot;4&quot;,&quot;alt&quot;:&quot;&quot;,&quot;description&quot;:&quot;&quot;,&quot;filetype&quot;:&quot;JPG&quot;,&quot;filename&quot;:&quot;miaulina202107_02&quot;,&quot;image_url&quot;:&quot;\\\/miaulina_2021_07\\\/miaulina202107_02.jpg?bwg=1629037319&quot;,&quot;thumb_url&quot;:&quot;\\\/miaulina_2021_07\\\/thumb\\\/miaulina202107_02.jpg?bwg=1629037319&quot;,&quot;redirect_url&quot;:&quot;&quot;,&quot;date&quot;:&quot;2021-08-15 14:21:39&quot;,&quot;is_embed&quot;:false,&quot;is_embed_video&quot;:false,&quot;image_width&quot;:&quot;1000&quot;,&quot;image_height&quot;:&quot;667&quot;,&quot;thumb_width&quot;:&quot;1000&quot;,&quot;thumb_height&quot;:&quot;667&quot;},{&quot;id&quot;:&quot;3&quot;,&quot;alt&quot;:&quot;&quot;,&quot;description&quot;:&quot;&quot;,&quot;filetype&quot;:&quot;JPG&quot;,&quot;filename&quot;:&quot;miaulina202107_03&quot;,&quot;image_url&quot;:&quot;\\\/miaulina_2021_07\\\/miaulina202107_03.jpg?bwg=1629037319&quot;,&quot;thumb_url&quot;:&quot;\\\/miaulina_2021_07\\\/thumb\\\/miaulina202107_03.jpg?bwg=1629037319&quot;,&quot;redirect_url&quot;:&quot;&quot;,&quot;date&quot;:&quot;2021-08-15 14:21:39&quot;,&quot;is_embed&quot;:false,&quot;is_embed_video&quot;:false,&quot;image_width&quot;:&quot;1000&quot;,&quot;image_height&quot;:&quot;665&quot;,&quot;thumb_width&quot;:&quot;1000&quot;,&quot;thumb_height&quot;:&quot;665&quot;},{&quot;id&quot;:&quot;2&quot;,&quot;alt&quot;:&quot;&quot;,&quot;description&quot;:&quot;&quot;,&quot;filetype&quot;:&quot;JPG&quot;,&quot;filename&quot;:&quot;miaulina202107_04&quot;,&quot;image_url&quot;:&quot;\\\/miaulina_2021_07\\\/miaulina202107_04.jpg?bwg=1629037319&quot;,&quot;thumb_url&quot;:&quot;\\\/miaulina_2021_07\\\/thumb\\\/miaulina202107_04.jpg?bwg=1629037319&quot;,&quot;redirect_url&quot;:&quot;&quot;,&quot;date&quot;:&quot;2021-08-15 14:21:39&quot;,&quot;is_embed&quot;:false,&quot;is_embed_video&quot;:false,&quot;image_width&quot;:&quot;1000&quot;,&quot;image_height&quot;:&quot;665&quot;,&quot;thumb_width&quot;:&quot;1000&quot;,&quot;thumb_height&quot;:&quot;665&quot;},{&quot;id&quot;:&quot;5&quot;,&quot;alt&quot;:&quot;&quot;,&quot;description&quot;:&quot;&quot;,&quot;filetype&quot;:&quot;JPG&quot;,&quot;filename&quot;:&quot;miaulina202107_05&quot;,&quot;image_url&quot;:&quot;\\\/miaulina_2021_07\\\/miaulina202107_05.jpg?bwg=1629037319&quot;,&quot;thumb_url&quot;:&quot;\\\/miaulina_2021_07\\\/thumb\\\/miaulina202107_05.jpg?bwg=1629037319&quot;,&quot;redirect_url&quot;:&quot;&quot;,&quot;date&quot;:&quot;2021-08-15 14:21:39&quot;,&quot;is_embed&quot;:false,&quot;is_embed_video&quot;:false,&quot;image_width&quot;:&quot;1000&quot;,&quot;image_height&quot;:&quot;665&quot;,&quot;thumb_width&quot;:&quot;1000&quot;,&quot;thumb_height&quot;:&quot;665&quot;},{&quot;id&quot;:&quot;7&quot;,&quot;alt&quot;:&quot;&quot;,&quot;description&quot;:&quot;&quot;,&quot;filetype&quot;:&quot;JPG&quot;,&quot;filename&quot;:&quot;miaulina202107_06&quot;,&quot;image_url&quot;:&quot;\\\/miaulina_2021_07\\\/miaulina202107_06.jpg?bwg=1629037319&quot;,&quot;thumb_url&quot;:&quot;\\\/miaulina_2021_07\\\/thumb\\\/miaulina202107_06.jpg?bwg=1629037319&quot;,&quot;redirect_url&quot;:&quot;&quot;,&quot;date&quot;:&quot;2021-08-15 14:21:40&quot;,&quot;is_embed&quot;:false,&quot;is_embed_video&quot;:false,&quot;image_width&quot;:&quot;1000&quot;,&quot;image_height&quot;:&quot;665&quot;,&quot;thumb_width&quot;:&quot;1000&quot;,&quot;thumb_height&quot;:&quot;665&quot;},{&quot;id&quot;:&quot;6&quot;,&quot;alt&quot;:&quot;&quot;,&quot;description&quot;:&quot;&quot;,&quot;filetype&quot;:&quot;JPG&quot;,&quot;filename&quot;:&quot;miaulina202107_07&quot;,&quot;image_url&quot;:&quot;\\\/miaulina_2021_07\\\/miaulina202107_07.jpg?bwg=1629037319&quot;,&quot;thumb_url&quot;:&quot;\\\/miaulina_2021_07\\\/thumb\\\/miaulina202107_07.jpg?bwg=1629037319&quot;,&quot;redirect_url&quot;:&quot;&quot;,&quot;date&quot;:&quot;2021-08-15 14:21:40&quot;,&quot;is_embed&quot;:false,&quot;is_embed_video&quot;:false,&quot;image_width&quot;:&quot;1000&quot;,&quot;image_height&quot;:&quot;665&quot;,&quot;thumb_width&quot;:&quot;1000&quot;,&quot;thumb_height&quot;:&quot;665&quot;},{&quot;id&quot;:&quot;8&quot;,&quot;alt&quot;:&quot;&quot;,&quot;description&quot;:&quot;&quot;,&quot;filetype&quot;:&quot;JPG&quot;,&quot;filename&quot;:&quot;miaulina202107_08&quot;,&quot;image_url&quot;:&quot;\\\/miaulina_2021_07\\\/miaulina202107_08.jpg?bwg=1629037319&quot;,&quot;thumb_url&quot;:&quot;\\\/miaulina_2021_07\\\/thumb\\\/miaulina202107_08.jpg?bwg=1629037319&quot;,&quot;redirect_url&quot;:&quot;&quot;,&quot;date&quot;:&quot;2021-08-15 14:21:40&quot;,&quot;is_embed&quot;:false,&quot;is_embed_video&quot;:false,&quot;image_width&quot;:&quot;1000&quot;,&quot;image_height&quot;:&quot;665&quot;,&quot;thumb_width&quot;:&quot;1000&quot;,&quot;thumb_height&quot;:&quot;665&quot;},{&quot;id&quot;:&quot;9&quot;,&quot;alt&quot;:&quot;&quot;,&quot;description&quot;:&quot;&quot;,&quot;filetype&quot;:&quot;JPG&quot;,&quot;filename&quot;:&quot;miaulina202107_09&quot;,&quot;image_url&quot;:&quot;\\\/miaulina_2021_07\\\/miaulina202107_09.jpg?bwg=1629037319&quot;,&quot;thumb_url&quot;:&quot;\\\/miaulina_2021_07\\\/thumb\\\/miaulina202107_09.jpg?bwg=1629037319&quot;,&quot;redirect_url&quot;:&quot;&quot;,&quot;date&quot;:&quot;2021-08-15 14:21:40&quot;,&quot;is_embed&quot;:false,&quot;is_embed_video&quot;:false,&quot;image_width&quot;:&quot;1000&quot;,&quot;image_height&quot;:&quot;665&quot;,&quot;thumb_width&quot;:&quot;1000&quot;,&quot;thumb_height&quot;:&quot;665&quot;}],&quot;width_or_height&quot;:&quot;width&quot;,&quot;filmstrip_thumb_margin_hor&quot;:2,&quot;left_or_top&quot;:&quot;left&quot;,&quot;outerWidth_or_outerHeight&quot;:&quot;outerWidth&quot;,&quot;enable_slideshow_shuffle&quot;:&quot;0&quot;,&quot;lightbox_filmstrip_thumb_border_width&quot;:&quot;1&quot;,&quot;thumb_click_action&quot;:&quot;open_lightbox&quot;,&quot;thumb_link_target&quot;:&quot;1&quot;,&quot;upload_url&quot;:&quot;https:\\\/\\\/miaulina.de\\\/wp-content\\\/uploads\\\/photo-gallery&quot;,&quot;preload_images&quot;:&quot;1&quot;,&quot;slideshow_effect&quot;:&quot;fade&quot;,&quot;event_stack&quot;:&quot;&quot;,&quot;preload_images_count&quot;:10,&quot;image_width&quot;:&quot;720&quot;,&quot;image_height&quot;:&quot;480&quot;,&quot;thumb_width&quot;:&quot;250&quot;,&quot;thumb_height&quot;:&quot;140&quot;,&quot;filmstrip_direction&quot;:&quot;horizontal&quot;,&quot;slideshow_filmstrip_type&quot;:&quot;0&quot;,&quot;slideshow_thumbnails_count&quot;:&quot;5&quot;,&quot;slideshow_filmstrip_width&quot;:0,&quot;slideshow_filmstrip_height&quot;:0,&quot;slideshow_filmstrip_rl_btn_size&quot;:&quot;20&quot;,&quot;slideshow_play_pause_btn_size&quot;:&quot;35&quot;,&quot;watermark_type&quot;:90,&quot;watermark_height&quot;:90,&quot;watermark_font_size&quot;:12,&quot;slideshow_title_font_size&quot;:&quot;16&quot;,&quot;slideshow_description_font_size&quot;:&quot;14&quot;,&quot;bwg_playInterval&quot;:&quot;&quot;,&quot;slideshow_interval&quot;:5,&quot;image_right_click&quot;:&quot;0&quot;,&quot;enable_slideshow_autoplay&quot;:&quot;1&quot;,&quot;enable_slideshow_music&quot;:&quot;0&quot;,&quot;bwg_current_filmstrip_pos&quot;:0}'         data-filmstrip-position=\"bottom\"         data-filmstrip-size=\"0\">      <div class=\"bwg_slide_container_0\">        <div class=\"bwg_slide_bg_0\">          <div class=\"bwg_slider_0\">                            <span class=\"bwg_slideshow_image_spun_0\" id=\"image_id_0_1\">                    <span class=\"bwg_slideshow_image_spun1_0\">                      <span class=\"bwg_slideshow_image_spun2_0\">                                                  <a  class=\"bwg-a bwg_lightbox\" href=\"https:\/\/miaulina.de\/wp-content\/uploads\/photo-gallery\/miaulina_2021_07\/miaulina202107_01.jpg?bwg=1629037319\" data-image-id=\"1\" data-elementor-open-lightbox=\"no\">                          <img decoding=\"async\" id=\"bwg_slideshow_image_0\"                               class=\"skip-lazy bwg_slide bwg_slideshow_image_0 \"                               src=\"https:\/\/miaulina.de\/wp-content\/uploads\/photo-gallery\/miaulina_2021_07\/miaulina202107_01.jpg?bwg=1629037319\"                               data-src=\"https:\/\/miaulina.de\/wp-content\/uploads\/photo-gallery\/miaulina_2021_07\/miaulina202107_01.jpg?bwg=1629037319\"                               image_id=\"1\"                               alt=\"\" \/>                          <\/a>                                                <\/span>                    <\/span>                  <\/span>                <span class=\"bwg_slideshow_image_second_spun_0\">                  <\/span>                <input type=\"hidden\" id=\"bwg_current_image_key_0\" value=\"0\" \/>                          <\/div>        <\/div>      <\/div>              <a class=\"bwg-a\" id=\"spider_slideshow_left_0\" onclick=\"bwg_change_image(parseInt(jQuery('#bwg_current_image_key_0').val()), (parseInt(jQuery('#bwg_current_image_key_0').val()) + 9 - bwg_iterator(0)) % 9, '', '', 0); return false;\"><span id=\"spider_slideshow_left-ico_0\"><span><i class=\"bwg-icon-angle-left bwg_slideshow_prev_btn_0\"><\/i><\/span><\/span><\/a>        <span id=\"bwg_slideshow_play_pause_0\" class=\"bwg_slideshow_play_pause\" style=\"display: undefined;\"><span><span id=\"bwg_slideshow_play_pause-ico_0\"><i class=\"bwg-icon-play bwg_ctrl_btn_0 bwg_slideshow_play_pause_0\"><\/i><\/span><\/span><\/span>        <a class=\"bwg-a\" id=\"spider_slideshow_right_0\" onclick=\"bwg_change_image(parseInt(jQuery('#bwg_current_image_key_0').val()), (parseInt(jQuery('#bwg_current_image_key_0').val()) + bwg_iterator(0)) % 9, '', '', 0); return false;\"><span id=\"spider_slideshow_right-ico_0\"><span><i class=\"bwg-icon-angle-right bwg_slideshow_next_btn_0\"><\/i><\/span><\/span><\/a>            <\/div>      <\/div>            <\/div>        <\/form>                <div id=\"bwg_spider_popup_loading_0\" class=\"bwg_spider_popup_loading\"><\/div>        <div id=\"spider_popup_overlay_0\" class=\"spider_popup_overlay\" onclick=\"spider_destroypopup(1000)\"><\/div>        <input type=\"hidden\" id=\"bwg_random_seed_0\" value=\"1621497670\">                <\/div>    <\/div>    <script>      if (document.readyState === 'complete') {        if( typeof bwg_main_ready == 'function' ) {          if ( jQuery(\"#bwg_container1_0\").height() ) {            bwg_main_ready(jQuery(\"#bwg_container1_0\"));          }        }      } else {        document.addEventListener('DOMContentLoaded', function() {          if( typeof bwg_main_ready == 'function' ) {            if ( jQuery(\"#bwg_container1_0\").height() ) {             bwg_main_ready(jQuery(\"#bwg_container1_0\"));            }          }        });      }    <\/script>    \n<\/div><\/div>\n<\/div><\/div>\n","protected":false},"excerpt":{"rendered":"<p>Live &#8211; TheaterKonzert SUPERHELDEN IN KRISEN Ein sehr musikalisches St\u00fcck Theater. MIAULINA lassen lustvoll unser aller Superleben leuchten. Sie kleiden daf\u00fcr ihre live gesungenen Songs in Szenen, in welchen fragw\u00fcrdige Superhelden mindestens sich selbst in Frage stellen: Zeig deine Wunde, Superheld! Zeig deine Kraft und lass uns teilhaben an der Sch\u00f6nheit deiner Schw\u00e4che! SUPERHELDEN IN &hellip;<\/p>\n","protected":false},"author":1,"featured_media":55,"parent":0,"menu_order":0,"comment_status":"closed","ping_status":"closed","template":"","meta":{"footnotes":""},"class_list":["post-11","page","type-page","status-publish","has-post-thumbnail","hentry"],"_links":{"self":[{"href":"https:\/\/miaulina.de\/index.php\/wp-json\/wp\/v2\/pages\/11","targetHints":{"allow":["GET"]}}],"collection":[{"href":"https:\/\/miaulina.de\/index.php\/wp-json\/wp\/v2\/pages"}],"about":[{"href":"https:\/\/miaulina.de\/index.php\/wp-json\/wp\/v2\/types\/page"}],"author":[{"embeddable":true,"href":"https:\/\/miaulina.de\/index.php\/wp-json\/wp\/v2\/users\/1"}],"replies":[{"embeddable":true,"href":"https:\/\/miaulina.de\/index.php\/wp-json\/wp\/v2\/comments?post=11"}],"version-history":[{"count":29,"href":"https:\/\/miaulina.de\/index.php\/wp-json\/wp\/v2\/pages\/11\/revisions"}],"predecessor-version":[{"id":386,"href":"https:\/\/miaulina.de\/index.php\/wp-json\/wp\/v2\/pages\/11\/revisions\/386"}],"wp:featuredmedia":[{"embeddable":true,"href":"https:\/\/miaulina.de\/index.php\/wp-json\/wp\/v2\/media\/55"}],"wp:attachment":[{"href":"https:\/\/miaulina.de\/index.php\/wp-json\/wp\/v2\/media?parent=11"}],"curies":[{"name":"wp","href":"https:\/\/api.w.org\/{rel}","templated":true}]}}